{"id":25,"date":"2025-04-12T13:29:21","date_gmt":"2025-04-12T13:29:21","guid":{"rendered":"https:\/\/anitabett.dk\/?page_id=25"},"modified":"2026-01-30T12:12:25","modified_gmt":"2026-01-30T11:12:25","slug":"om-mig","status":"publish","type":"page","link":"https:\/\/anitabett.dk\/index.php\/om-mig\/","title":{"rendered":"Om mig"},"content":{"rendered":"\n<div class=\"wp-block-group alignfull is-style-default has-background has-global-padding is-layout-constrained wp-block-group-is-layout-constrained\" style=\"background-color:#e1ebff;margin-top:0;margin-bottom:0;padding-top:var(--wp--preset--spacing--80);padding-bottom:var(--wp--preset--spacing--80)\">\n<div class=\"wp-block-columns alignwide is-layout-flex wp-container-core-columns-is-layout-1 wp-block-columns-is-layout-flex\">\n<div class=\"wp-block-column is-layout-flow wp-block-column-is-layout-flow\" style=\"padding-right:var(--wp--preset--spacing--50);flex-basis:45%\">\n<figure class=\"wp-block-image size-full\"><img loading=\"lazy\" decoding=\"async\" width=\"2560\" height=\"1443\" src=\"https:\/\/anitabett.dk\/wp-content\/uploads\/2025\/04\/P4206378-edited-scaled.jpg\" alt=\"\" class=\"wp-image-27\" srcset=\"https:\/\/anitabett.dk\/wp-content\/uploads\/2025\/04\/P4206378-edited-scaled.jpg 2560w, https:\/\/anitabett.dk\/wp-content\/uploads\/2025\/04\/P4206378-edited-300x169.jpg 300w, https:\/\/anitabett.dk\/wp-content\/uploads\/2025\/04\/P4206378-edited-1024x577.jpg 1024w, https:\/\/anitabett.dk\/wp-content\/uploads\/2025\/04\/P4206378-edited-768x433.jpg 768w, https:\/\/anitabett.dk\/wp-content\/uploads\/2025\/04\/P4206378-edited-1536x866.jpg 1536w, https:\/\/anitabett.dk\/wp-content\/uploads\/2025\/04\/P4206378-edited-2048x1154.jpg 2048w\" sizes=\"auto, (max-width: 2560px) 100vw, 2560px\" \/><\/figure>\n\n\n\n<div class=\"wp-block-group has-global-padding is-layout-constrained wp-block-group-is-layout-constrained\" style=\"margin-top:-12vw\"><\/div>\n<\/div>\n\n\n\n<div class=\"wp-block-column is-vertically-aligned-center is-layout-flow wp-block-column-is-layout-flow\" style=\"padding-right:0;padding-left:0;flex-basis:50%\">\n<p class=\"is-style-text-subtitle is-style-text-subtitle--1\">Jeg hedder Anitabett Bertelsen.<\/p>\n\n\n\n<p class=\"is-style-text-subtitle is-style-text-subtitle--2\">Jeg hj\u00e6lper alle, der har sv\u00e6rt ved at skabe varig forandring i sit liv. Dog er mit fokus p\u00e5, at kvinder i alderen 45-60 \u00e5r kan skabe et sundere forhold til mad og til sig selv uden stramme kure eller tr\u00e6ningsprogrammer.<\/p>\n\n\n\n<p class=\"is-style-text-subtitle is-style-text-subtitle--3\">Jeg tilbyder derfor mere end blot en symptombehandling. Her er hele mennesket i centrum, b\u00e5de krop og sj\u00e6l.<\/p>\n<\/div>\n<\/div>\n<\/div>\n\n\n\n<div class=\"wp-block-group alignfull has-global-padding is-layout-constrained wp-block-group-is-layout-constrained\" style=\"margin-top:0;margin-bottom:0;padding-top:var(--wp--preset--spacing--60);padding-bottom:var(--wp--preset--spacing--60)\">\n<div class=\"wp-block-columns alignwide is-layout-flex wp-container-core-columns-is-layout-2 wp-block-columns-is-layout-flex\">\n<div class=\"wp-block-column is-layout-flow wp-block-column-is-layout-flow\">\n<div class=\"wp-block-group has-global-padding is-content-justification-center is-layout-constrained wp-block-group-is-layout-constrained\">\n<p>Anitabett blev uddannet mass\u00f8r i 1996 og har flere efteruddannelseskurser i ansigtsmassage, anatomi, fysiologi og sygdomsl\u00e6re. Hun har en uddannelse som ID Life-coach, mindfulnessinstrukt\u00f8r og senest som hypnoterapeut. Hun deltager regelm\u00e6ssigt i diverse kurser og messer med alternative behandlingsformer for at finde nye m\u00e5der at opn\u00e5 velv\u00e6re p\u00e5.<\/p>\n\n\n\n<p>I over 25 \u00e5r har hun masseret og behandlet b\u00e5de private og erhvervskunder for diverse problemer, ansp\u00e6ndelse og skader.  I dag fokuserer hun dog p\u00e5 hypnose for at skabe \u00e6ndring indefra.<\/p>\n\n\n\n<p>Anitabetts tilgang er rolig, n\u00e6rv\u00e6rende og dybdeg\u00e5ende. Hun arbejder med b\u00e5de bevidsthed og underbevidsthed for at skabe forandringer, der holder.<\/p>\n<\/div>\n<\/div>\n\n\n\n<div class=\"wp-block-column is-layout-flow wp-block-column-is-layout-flow\">\n<p>Anitabett Bertelsens interesse og kompetencer for sit virke som behandler er egentlig udsprunget af ren og sk\u00e6r interesse og startede som en hobby for over 25 \u00e5r siden. Siden er der taget mange uddannelser og kurser for at \u00f8ge b\u00e5de viden og kunnen p\u00e5 dette omr\u00e5de. For mere end 25 \u00e5r siden tog hun springet og gjorde sin hobby til sin levevej. Et spring hun absolut ikke har fortrudt.<\/p>\n<\/div>\n<\/div>\n<\/div>\n\n\n\n<p class=\"has-text-align-center is-style-text-subtitle is-style-text-subtitle--4\">F\u00f8lg med p\u00e5 min Facebook-side <a href=\"https:\/\/www.facebook.com\/profile.php?id=100031551106900\">her<\/a>. <\/p>\n","protected":false},"excerpt":{"rendered":"<p>Jeg hedder Anitabett Bertelsen. Jeg hj\u00e6lper alle, der har sv\u00e6rt ved at skabe varig forandring i sit liv. Dog er mit fokus p\u00e5, at kvinder i alderen 45-60 \u00e5r kan skabe et sundere forhold til mad og til sig selv uden stramme kure eller tr\u00e6ningsprogrammer. Jeg tilbyder derfor mere end blot en symptombehandling. Her er [&hellip;]<\/p>\n","protected":false},"author":1,"featured_media":0,"parent":0,"menu_order":0,"comment_status":"closed","ping_status":"closed","template":"","meta":{"footnotes":""},"class_list":["post-25","page","type-page","status-publish","hentry"],"_links":{"self":[{"href":"https:\/\/anitabett.dk\/index.php\/wp-json\/wp\/v2\/pages\/25","targetHints":{"allow":["GET"]}}],"collection":[{"href":"https:\/\/anitabett.dk\/index.php\/wp-json\/wp\/v2\/pages"}],"about":[{"href":"https:\/\/anitabett.dk\/index.php\/wp-json\/wp\/v2\/types\/page"}],"author":[{"embeddable":true,"href":"https:\/\/anitabett.dk\/index.php\/wp-json\/wp\/v2\/users\/1"}],"replies":[{"embeddable":true,"href":"https:\/\/anitabett.dk\/index.php\/wp-json\/wp\/v2\/comments?post=25"}],"version-history":[{"count":8,"href":"https:\/\/anitabett.dk\/index.php\/wp-json\/wp\/v2\/pages\/25\/revisions"}],"predecessor-version":[{"id":198,"href":"https:\/\/anitabett.dk\/index.php\/wp-json\/wp\/v2\/pages\/25\/revisions\/198"}],"wp:attachment":[{"href":"https:\/\/anitabett.dk\/index.php\/wp-json\/wp\/v2\/media?parent=25"}],"curies":[{"name":"wp","href":"https:\/\/api.w.org\/{rel}","templated":true}]}}