{"id":219,"date":"2026-03-02T08:34:29","date_gmt":"2026-03-02T07:34:29","guid":{"rendered":"https:\/\/anitabett.dk\/?page_id=219"},"modified":"2026-03-02T08:34:30","modified_gmt":"2026-03-02T07:34:30","slug":"birgittes-anbefaling","status":"publish","type":"page","link":"https:\/\/anitabett.dk\/index.php\/online-forloeb-for-kvinder-i-alderen-45-60-aar\/birgittes-anbefaling\/","title":{"rendered":"Birgitte: Jeg har f\u00e5et mit indre i dyb ro"},"content":{"rendered":"\n<p>&#8220;Anitabetts program med selvhypnose har hjulpet mig med at s\u00e6tte mere fokus p\u00e5 det sunde valg af mad samt f\u00e5et mit indre i dyb ro, hvor jeg har slappet helt af, og det hj\u00e6lper mig med at v\u00e6re i mit Zen. <\/p>\n\n\n\n<p>&#8220;Jeg har ogs\u00e5 taget Tai Chi til mig og bruger nogle af de enkle \u00f8velser, n\u00e5r jeg er presset. Jeg \u00f8ver mig i at v\u00e6re i \u201cGuld\u00e6gget\u201d, n\u00e5r der bliver lagt pres p\u00e5 mig \u2013 det kan noget det guld\u00e6g \ud83d\udc9b&#8221;<\/p>\n\n\n\n<blockquote class=\"wp-block-quote is-layout-flow wp-block-quote-is-layout-flow\">\n<p class=\"has-text-align-center\"><em>Jeg har v\u00e6ret glad for at have f\u00e5et muligheden for at deltage i programmet\ud83e\ude77<\/em><\/p>\n<\/blockquote>\n\n\n\n<p class=\"has-text-align-right\">&#8211; Birgitte<\/p>\n","protected":false},"excerpt":{"rendered":"<p>&#8220;Anitabetts program med selvhypnose har hjulpet mig med at s\u00e6tte mere fokus p\u00e5 det sunde valg af mad samt f\u00e5et mit indre i dyb ro, hvor jeg har slappet helt af, og det hj\u00e6lper mig med at v\u00e6re i mit Zen. &#8220;Jeg har ogs\u00e5 taget Tai Chi til mig og bruger nogle af de enkle [&hellip;]<\/p>\n","protected":false},"author":1,"featured_media":0,"parent":53,"menu_order":0,"comment_status":"closed","ping_status":"closed","template":"","meta":{"footnotes":""},"class_list":["post-219","page","type-page","status-publish","hentry"],"_links":{"self":[{"href":"https:\/\/anitabett.dk\/index.php\/wp-json\/wp\/v2\/pages\/219","targetHints":{"allow":["GET"]}}],"collection":[{"href":"https:\/\/anitabett.dk\/index.php\/wp-json\/wp\/v2\/pages"}],"about":[{"href":"https:\/\/anitabett.dk\/index.php\/wp-json\/wp\/v2\/types\/page"}],"author":[{"embeddable":true,"href":"https:\/\/anitabett.dk\/index.php\/wp-json\/wp\/v2\/users\/1"}],"replies":[{"embeddable":true,"href":"https:\/\/anitabett.dk\/index.php\/wp-json\/wp\/v2\/comments?post=219"}],"version-history":[{"count":2,"href":"https:\/\/anitabett.dk\/index.php\/wp-json\/wp\/v2\/pages\/219\/revisions"}],"predecessor-version":[{"id":226,"href":"https:\/\/anitabett.dk\/index.php\/wp-json\/wp\/v2\/pages\/219\/revisions\/226"}],"up":[{"embeddable":true,"href":"https:\/\/anitabett.dk\/index.php\/wp-json\/wp\/v2\/pages\/53"}],"wp:attachment":[{"href":"https:\/\/anitabett.dk\/index.php\/wp-json\/wp\/v2\/media?parent=219"}],"curies":[{"name":"wp","href":"https:\/\/api.w.org\/{rel}","templated":true}]}}