{"id":116,"date":"2025-06-17T22:52:25","date_gmt":"2025-06-17T20:52:25","guid":{"rendered":"https:\/\/anitabett.dk\/?page_id=116"},"modified":"2026-02-22T16:43:41","modified_gmt":"2026-02-22T15:43:41","slug":"priser","status":"publish","type":"page","link":"https:\/\/anitabett.dk\/index.php\/priser\/","title":{"rendered":"Priser"},"content":{"rendered":"\n<p>Her er prislisten g\u00e6ldende fra 1. marts 2026:<\/p>\n\n\n\n<figure class=\"wp-block-table alignwide is-style-regular\"><table class=\"has-background has-fixed-layout\" style=\"background-color:#e1ebff\"><thead><tr><th><\/th><th>Pris pr. person i gruppe<sup data-fn=\"eeffdeaa-90c6-4c37-90bb-7041538c0f93\" class=\"fn\"><a href=\"#eeffdeaa-90c6-4c37-90bb-7041538c0f93\" id=\"eeffdeaa-90c6-4c37-90bb-7041538c0f93-link\">1<\/a><\/sup><\/th><th>Pris for individuelt forl\u00f8b<\/th><\/tr><\/thead><tbody><tr><td>Grundforl\u00f8b p\u00e5 1 m\u00e5ned<\/td><td>1950,-<\/td><td>2950,-<\/td><\/tr><tr><td>Masterclass-forl\u00f8b p\u00e5 2 m\u00e5neder<\/td><td>1950,-<\/td><td>2950,-<\/td><\/tr><tr><td>Grundforl\u00f8b + Masterclass<\/td><td>3500,-<\/td><td>4500,-<\/td><\/tr><tr><td>Supplerende coaching \u00e1 30 min.<\/td><td>Se individuelt<\/td><td>500,-<\/td><\/tr><\/tbody><\/table><\/figure>\n\n\n<ol class=\"wp-block-footnotes\"><li id=\"eeffdeaa-90c6-4c37-90bb-7041538c0f93\">Grupperne best\u00e5r af max 5 deltagere <a href=\"#eeffdeaa-90c6-4c37-90bb-7041538c0f93-link\" aria-label=\"Hop til fodnote-reference 1\">\u21a9\ufe0e<\/a><\/li><\/ol>","protected":false},"excerpt":{"rendered":"<p>Her er prislisten g\u00e6ldende fra 1. marts 2026: Pris pr. person i gruppe Pris for individuelt forl\u00f8b Grundforl\u00f8b p\u00e5 1 m\u00e5ned 1950,- 2950,- Masterclass-forl\u00f8b p\u00e5 2 m\u00e5neder 1950,- 2950,- Grundforl\u00f8b + Masterclass 3500,- 4500,- Supplerende coaching \u00e1 30 min. Se individuelt 500,-<\/p>\n","protected":false},"author":1,"featured_media":0,"parent":0,"menu_order":0,"comment_status":"closed","ping_status":"closed","template":"","meta":{"footnotes":"[{\"content\":\"Grupperne best\u00e5r af max 5 deltagere\",\"id\":\"eeffdeaa-90c6-4c37-90bb-7041538c0f93\"}]"},"class_list":["post-116","page","type-page","status-publish","hentry"],"_links":{"self":[{"href":"https:\/\/anitabett.dk\/index.php\/wp-json\/wp\/v2\/pages\/116","targetHints":{"allow":["GET"]}}],"collection":[{"href":"https:\/\/anitabett.dk\/index.php\/wp-json\/wp\/v2\/pages"}],"about":[{"href":"https:\/\/anitabett.dk\/index.php\/wp-json\/wp\/v2\/types\/page"}],"author":[{"embeddable":true,"href":"https:\/\/anitabett.dk\/index.php\/wp-json\/wp\/v2\/users\/1"}],"replies":[{"embeddable":true,"href":"https:\/\/anitabett.dk\/index.php\/wp-json\/wp\/v2\/comments?post=116"}],"version-history":[{"count":9,"href":"https:\/\/anitabett.dk\/index.php\/wp-json\/wp\/v2\/pages\/116\/revisions"}],"predecessor-version":[{"id":215,"href":"https:\/\/anitabett.dk\/index.php\/wp-json\/wp\/v2\/pages\/116\/revisions\/215"}],"wp:attachment":[{"href":"https:\/\/anitabett.dk\/index.php\/wp-json\/wp\/v2\/media?parent=116"}],"curies":[{"name":"wp","href":"https:\/\/api.w.org\/{rel}","templated":true}]}}